{"id":2,"date":"2020-01-05T16:41:47","date_gmt":"2020-01-05T16:41:47","guid":{"rendered":"http:\/\/alfafiles.net\/?page_id=2"},"modified":"2020-07-09T14:09:47","modified_gmt":"2020-07-09T14:09:47","slug":"register","status":"publish","type":"page","link":"https:\/\/alfafiles.net\/fr\/register\/","title":{"rendered":"S&#8217;inscrire"},"content":{"rendered":"<p>Registration with Alfafile is done with just a few clicks. Only a few steps are needed. Everything is self-explanatory. It only takes a few minutes and you can start right away with your downloads!<\/p>\n","protected":false},"excerpt":{"rendered":"<p>L&#8217;inscription \u00e0 Alfafile se fait en quelques clics. Quelques \u00e9tapes seulement sont n\u00e9cessaires. Tout va de soi. Cela ne prend que quelques minutes et vous pouvez commencer tout de suite avec vos t\u00e9l\u00e9chargements!<\/p>\n","protected":false},"author":1,"featured_media":0,"parent":0,"menu_order":1,"comment_status":"closed","ping_status":"open","template":"","meta":{"footnotes":""},"class_list":["post-2","page","type-page","status-publish","hentry"],"_links":{"self":[{"href":"https:\/\/alfafiles.net\/fr\/wp-json\/wp\/v2\/pages\/2","targetHints":{"allow":["GET"]}}],"collection":[{"href":"https:\/\/alfafiles.net\/fr\/wp-json\/wp\/v2\/pages"}],"about":[{"href":"https:\/\/alfafiles.net\/fr\/wp-json\/wp\/v2\/types\/page"}],"author":[{"embeddable":true,"href":"https:\/\/alfafiles.net\/fr\/wp-json\/wp\/v2\/users\/1"}],"replies":[{"embeddable":true,"href":"https:\/\/alfafiles.net\/fr\/wp-json\/wp\/v2\/comments?post=2"}],"version-history":[{"count":4,"href":"https:\/\/alfafiles.net\/fr\/wp-json\/wp\/v2\/pages\/2\/revisions"}],"predecessor-version":[{"id":220,"href":"https:\/\/alfafiles.net\/fr\/wp-json\/wp\/v2\/pages\/2\/revisions\/220"}],"wp:attachment":[{"href":"https:\/\/alfafiles.net\/fr\/wp-json\/wp\/v2\/media?parent=2"}],"curies":[{"name":"wp","href":"https:\/\/api.w.org\/{rel}","templated":true}]}}