{"id":23,"date":"2020-01-05T17:35:32","date_gmt":"2020-01-05T17:35:32","guid":{"rendered":"http:\/\/alfafiles.net\/?page_id=23"},"modified":"2020-07-09T13:50:24","modified_gmt":"2020-07-09T13:50:24","slug":"premium","status":"publish","type":"page","link":"https:\/\/alfafiles.net\/fr\/premium\/","title":{"rendered":"Premium"},"content":{"rendered":"<p>Get the advantages of premium-account now!<br \/>\nSimultaneous downloads<br \/>\nUnlimited simultaneous downloads<br \/>\nAds Free<\/p>\n<p>Direct links to files<br \/>\nNo queues for file download<br \/>\nUpload\/Download files up to 50 GB<\/p>\n<p><img loading=\"lazy\" decoding=\"async\" class=\"alignnone size-full wp-image-24\" src=\"http:\/\/alfafiles.net\/wp-content\/uploads\/2020\/01\/alfafile-premium.png\" alt=\"\" width=\"902\" height=\"241\" srcset=\"https:\/\/alfafiles.net\/wp-content\/uploads\/2020\/01\/alfafile-premium.png 902w, https:\/\/alfafiles.net\/wp-content\/uploads\/2020\/01\/alfafile-premium-300x80.png 300w, https:\/\/alfafiles.net\/wp-content\/uploads\/2020\/01\/alfafile-premium-768x205.png 768w, https:\/\/alfafiles.net\/wp-content\/uploads\/2020\/01\/alfafile-premium-100x27.png 100w, https:\/\/alfafiles.net\/wp-content\/uploads\/2020\/01\/alfafile-premium-150x40.png 150w, https:\/\/alfafiles.net\/wp-content\/uploads\/2020\/01\/alfafile-premium-200x53.png 200w, https:\/\/alfafiles.net\/wp-content\/uploads\/2020\/01\/alfafile-premium-450x120.png 450w, https:\/\/alfafiles.net\/wp-content\/uploads\/2020\/01\/alfafile-premium-600x160.png 600w, https:\/\/alfafiles.net\/wp-content\/uploads\/2020\/01\/alfafile-premium-900x240.png 900w\" sizes=\"auto, (max-width: 902px) 100vw, 902px\" \/><\/p>\n<p><strong>What are the benefits of Premium-account?<\/strong><br \/>\n&#8211; No ads<br \/>\n&#8211; Unlimited speed<br \/>\n&#8211; One time download<br \/>\n&#8211; Hot downloads<br \/>\n&#8211; Direct downloads<br \/>\n&#8211; Parallel downloads<br \/>\n&#8211; Resume download support<\/p>\n","protected":false},"excerpt":{"rendered":"<p>Obtenez les avantages du compte premium maintenant! T\u00e9l\u00e9chargements simultan\u00e9s T\u00e9l\u00e9chargements simultan\u00e9s illimit\u00e9s sans publicit\u00e9 Liens directs vers des fichiers Aucune file d&#8217;attente pour le t\u00e9l\u00e9chargement de fichiers T\u00e9l\u00e9chargement \/ t\u00e9l\u00e9chargement de fichiers jusqu&#8217;\u00e0 50 Go Quels sont les avantages du &hellip;<\/p>\n<p class=\"read-more\"> <a class=\"more-link\" href=\"https:\/\/alfafiles.net\/fr\/premium\/\"> <span class=\"screen-reader-text\">Premium<\/span> En lire plus &raquo;<\/a><\/p>\n","protected":false},"author":1,"featured_media":0,"parent":0,"menu_order":2,"comment_status":"closed","ping_status":"closed","template":"full-width-page.php","meta":{"footnotes":""},"class_list":["post-23","page","type-page","status-publish","hentry"],"_links":{"self":[{"href":"https:\/\/alfafiles.net\/fr\/wp-json\/wp\/v2\/pages\/23","targetHints":{"allow":["GET"]}}],"collection":[{"href":"https:\/\/alfafiles.net\/fr\/wp-json\/wp\/v2\/pages"}],"about":[{"href":"https:\/\/alfafiles.net\/fr\/wp-json\/wp\/v2\/types\/page"}],"author":[{"embeddable":true,"href":"https:\/\/alfafiles.net\/fr\/wp-json\/wp\/v2\/users\/1"}],"replies":[{"embeddable":true,"href":"https:\/\/alfafiles.net\/fr\/wp-json\/wp\/v2\/comments?post=23"}],"version-history":[{"count":13,"href":"https:\/\/alfafiles.net\/fr\/wp-json\/wp\/v2\/pages\/23\/revisions"}],"predecessor-version":[{"id":218,"href":"https:\/\/alfafiles.net\/fr\/wp-json\/wp\/v2\/pages\/23\/revisions\/218"}],"wp:attachment":[{"href":"https:\/\/alfafiles.net\/fr\/wp-json\/wp\/v2\/media?parent=23"}],"curies":[{"name":"wp","href":"https:\/\/api.w.org\/{rel}","templated":true}]}}