{"id":26,"date":"2020-01-05T17:37:07","date_gmt":"2020-01-05T17:37:07","guid":{"rendered":"http:\/\/alfafiles.net\/?page_id=26"},"modified":"2020-07-09T12:12:46","modified_gmt":"2020-07-09T12:12:46","slug":"affiliate","status":"publish","type":"page","link":"https:\/\/alfafiles.net\/fr\/affiliate\/","title":{"rendered":"Affiliate program"},"content":{"rendered":"<p>For website owners<br \/>\nHave a website? Add website to your profile and watch your income grow.<br \/>\nWe pay percentage for all premium accounts ordered by users referred by your website or blog.<\/p>\n<p>0-100 sales\/month &#8211; you get 5%<br \/>\n100-500 sales\/month &#8211; you get 10%<br \/>\n500+ sales\/month &#8211; you get 15%<\/p>\n<p>Earn by referring other webmasters<br \/>\nEarn 7% From Every sale made by your referred webmaster.<\/p>\n<p>Payouts<br \/>\nPayments are done via: <a href=\"https:\/\/bitcoin.org\/en\/getting-started\" target=\"_blank\" rel=\"noopener noreferrer\">Bitcoin<\/a>, EPESE, <a href=\"https:\/\/www.paypal.com\/\" target=\"_blank\" rel=\"noopener noreferrer\">PayPal<\/a>, <a href=\"https:\/\/www.wmtransfer.com\/\" target=\"_blank\" rel=\"noopener noreferrer\">WebMoney<\/a> every Friday with one week hold.<br \/>\nDo not you see here preferred payout method? Ask us!<\/p>\n","protected":false},"excerpt":{"rendered":"<p>Pour les propri\u00e9taires de sites Web Vous avez un site Web? Ajoutez un site Web \u00e0 votre profil et regardez vos revenus augmenter. Nous payons un pourcentage pour tous les comptes premium command\u00e9s par les utilisateurs r\u00e9f\u00e9r\u00e9s par votre site &hellip;<\/p>\n<p class=\"read-more\"> <a class=\"more-link\" href=\"https:\/\/alfafiles.net\/fr\/affiliate\/\"> <span class=\"screen-reader-text\">Affiliate program<\/span> En lire plus &raquo;<\/a><\/p>\n","protected":false},"author":1,"featured_media":0,"parent":0,"menu_order":3,"comment_status":"closed","ping_status":"closed","template":"","meta":{"footnotes":""},"class_list":["post-26","page","type-page","status-publish","hentry"],"_links":{"self":[{"href":"https:\/\/alfafiles.net\/fr\/wp-json\/wp\/v2\/pages\/26","targetHints":{"allow":["GET"]}}],"collection":[{"href":"https:\/\/alfafiles.net\/fr\/wp-json\/wp\/v2\/pages"}],"about":[{"href":"https:\/\/alfafiles.net\/fr\/wp-json\/wp\/v2\/types\/page"}],"author":[{"embeddable":true,"href":"https:\/\/alfafiles.net\/fr\/wp-json\/wp\/v2\/users\/1"}],"replies":[{"embeddable":true,"href":"https:\/\/alfafiles.net\/fr\/wp-json\/wp\/v2\/comments?post=26"}],"version-history":[{"count":9,"href":"https:\/\/alfafiles.net\/fr\/wp-json\/wp\/v2\/pages\/26\/revisions"}],"predecessor-version":[{"id":214,"href":"https:\/\/alfafiles.net\/fr\/wp-json\/wp\/v2\/pages\/26\/revisions\/214"}],"wp:attachment":[{"href":"https:\/\/alfafiles.net\/fr\/wp-json\/wp\/v2\/media?parent=26"}],"curies":[{"name":"wp","href":"https:\/\/api.w.org\/{rel}","templated":true}]}}