{"id":76,"date":"2020-06-25T09:43:15","date_gmt":"2020-06-25T09:43:15","guid":{"rendered":"http:\/\/alfafiles.net\/?page_id=76"},"modified":"2026-02-12T23:09:39","modified_gmt":"2026-02-12T23:09:39","slug":"front","status":"publish","type":"page","link":"https:\/\/alfafiles.net\/fr\/","title":{"rendered":"AlfaFile"},"content":{"rendered":"<p>&nbsp;<\/p>\n<table style=\"border-collapse: collapse; width: 100%; height: 154px;\">\n<tbody>\n<tr style=\"height: 154px;\">\n<td style=\"width: 74.3968%; height: 154px;\">\n<h1 style=\"text-align: center;\">AlfaFile<\/h1>\n<h1 style=\"text-align: center;\">Premium Cloud Backup<\/h1>\n<p style=\"text-align: center;\"><span class='mb-center maxbutton-1-center'><span class='maxbutton-1-container mb-container'><a class=\"maxbutton-1 maxbutton maxbutton-signup\" target=\"_blank\" rel=\"nofollow noopener\" href=\"https:\/\/alfafiles.net\/signup\"><span class='mb-text'>Signup<\/span><\/a><\/span><\/span><\/p>\n<p>&nbsp;<\/p>\n<p style=\"text-align: center;\">alfafile is a file cloud provider. They offer online storage\/remote backup capacity, sophisticated uploading and downloading tools. With alfafile.net you can host files, images, videos, audio and documents on the same place.<\/p>\n<p>&nbsp;<br \/>\n<center><video width=\"269\" height=\"224\" autoplay loop ><source src=\"https:\/\/alfafiles.net\/wp-content\/uploads\/2023\/05\/alfafile-premium.webm\" type=\"video\/webm\" \/><\/video><\/center><br \/>\nAlfafile.net has been making a name for itself since its inception in 2014 Our experience in Data storage services makes us popular to our existing consumers and has given us a chance to expand our customer base. Time and again, consumers keep on praising us and as proof to that, our loyal patrons come back.<\/p>\n<p>&nbsp;<\/td>\n<\/tr>\n<\/tbody>\n<\/table>\n<div>\n<p><script async src=\"https:\/\/cse.google.com\/cse.js?cx=015216283340924652191:rx4oqw7pcfc\"><\/script><\/p>\n<div class=\"gcse-search\"><\/div>\n<table style=\"border-collapse: collapse; width: 100%;\">\n<tbody>\n<tr>\n<td style=\"width: 33.3333%; text-align: center;\"><center><img loading=\"lazy\" decoding=\"async\" class=\"aligncenter wp-image-20 size-full\" src=\"https:\/\/alfafiles.net\/wp-content\/uploads\/2020\/01\/alfafile_access.png\" alt=\"\" width=\"361\" height=\"315\" \/><\/center><br \/>\nYour files are available 24\/7 just mouse click away from ANYWHERE!<\/td>\n<td style=\"width: 33.3333%; text-align: center;\"><center><img loading=\"lazy\" decoding=\"async\" class=\"aligncenter wp-image-24 size-full\" src=\"https:\/\/alfafiles.net\/wp-content\/uploads\/2020\/01\/alfafile_backup.png\" alt=\"\" width=\"361\" height=\"315\" \/><\/center><br \/>\nEver lost your file? We are the solution! Get 3.00 TB space as free user, add extra storage or bandwidth when you want, where you want!<\/td>\n<td style=\"width: 33.3333%; text-align: center;\"><center><img loading=\"lazy\" decoding=\"async\" class=\"aligncenter wp-image-22 size-full\" src=\"https:\/\/alfafiles.net\/wp-content\/uploads\/2020\/01\/alfafile_share-.png\" alt=\"\" width=\"361\" height=\"315\" \/><\/center><br \/>\nShare your files with your coworkers or friends! We promise global content delivery!<\/td>\n<\/tr>\n<\/tbody>\n<\/table>\n","protected":false},"excerpt":{"rendered":"<p>&nbsp; AlfaFile Premium Cloud Backup &nbsp; alfafile est un fournisseur de cloud de fichiers. Ils offrent un stockage en ligne \/ une capacit\u00e9 de sauvegarde \u00e0 distance, des outils de t\u00e9l\u00e9chargement et de t\u00e9l\u00e9chargement sophistiqu\u00e9s. Avec alfafile.net, vous pouvez h\u00e9berger &hellip;<\/p>\n<p class=\"read-more\"> <a class=\"more-link\" href=\"https:\/\/alfafiles.net\/fr\/\"> <span class=\"screen-reader-text\">AlfaFile<\/span> En lire plus &raquo;<\/a><\/p>\n","protected":false},"author":1,"featured_media":0,"parent":0,"menu_order":0,"comment_status":"closed","ping_status":"closed","template":"full-width-page.php","meta":{"footnotes":""},"class_list":["post-76","page","type-page","status-publish","hentry"],"_links":{"self":[{"href":"https:\/\/alfafiles.net\/fr\/wp-json\/wp\/v2\/pages\/76","targetHints":{"allow":["GET"]}}],"collection":[{"href":"https:\/\/alfafiles.net\/fr\/wp-json\/wp\/v2\/pages"}],"about":[{"href":"https:\/\/alfafiles.net\/fr\/wp-json\/wp\/v2\/types\/page"}],"author":[{"embeddable":true,"href":"https:\/\/alfafiles.net\/fr\/wp-json\/wp\/v2\/users\/1"}],"replies":[{"embeddable":true,"href":"https:\/\/alfafiles.net\/fr\/wp-json\/wp\/v2\/comments?post=76"}],"version-history":[{"count":82,"href":"https:\/\/alfafiles.net\/fr\/wp-json\/wp\/v2\/pages\/76\/revisions"}],"predecessor-version":[{"id":234,"href":"https:\/\/alfafiles.net\/fr\/wp-json\/wp\/v2\/pages\/76\/revisions\/234"}],"wp:attachment":[{"href":"https:\/\/alfafiles.net\/fr\/wp-json\/wp\/v2\/media?parent=76"}],"curies":[{"name":"wp","href":"https:\/\/api.w.org\/{rel}","templated":true}]}}