{"id":60,"date":"2020-06-07T13:33:42","date_gmt":"2020-06-07T13:33:42","guid":{"rendered":"http:\/\/alfafiles.net\/?page_id=60"},"modified":"2020-07-09T14:15:58","modified_gmt":"2020-07-09T14:15:58","slug":"faq","status":"publish","type":"page","link":"https:\/\/alfafiles.net\/it\/faq\/","title":{"rendered":"Domande Frequenti"},"content":{"rendered":"<p><strong>Is it possible to search files?<\/strong><br \/>\nAlfafile does not index content uploaded by other users. You can search only in your files.<\/p>\n<p><strong>Can I use alfafile for free?<\/strong><br \/>\nYes, but your download speed will be limited.<\/p>\n<p><strong>I forgot my password, what can I do?<\/strong><br \/>\nYou need to request new password and follow instruction in email which Alfafile will send you.<\/p>\n<p><strong>How can i upload files?<\/strong><br \/>\nIt's very simple. Go to &#8220;My Files&#8221; section and Click &#8220;Upload&#8221; button, then select upload method ( Web Upload, FTP or Remote Upload).<br \/>\n&#8211; For Web Upload, simply drop files in upload window or click &#8220;Add files&#8221; button, use file explorer to search and select the file.<br \/>\nAfter upload finishes, you will receive your file download and deletion link ( You need to click &#8220;share&#8221; button . You can delete files with unique link, that you get after upload process completes. or in &#8220;My Files&#8221; section.<br \/>\n&#8211; For Remote Upload, select Remote Upload in Upload menu, insert url in new pop up window and press &#8220;Ok&#8221; button.<\/p>\n<p><strong>What is the maximum file size for upload and download?<\/strong><br \/>\nMaximum file size for upload is 2 GB for free users and 50 GB for premium users.<br \/>\nMaximum file size for download is 2 GB for free users and 50 GB for premium users<\/p>\n<p><strong>How long will you keep files in premium account?<\/strong><br \/>\nSuch files are not removed until your premium account is canceled or ended.<\/p>\n<p><strong>How do I download files?<\/strong><br \/>\nYou can download files with any download manager or simply by clicking on file link.<\/p>\n<p><strong>What kind of data can I store?<\/strong><br \/>\nYou can store any content which not violates Alfafile Terms.<\/p>\n<p><strong>What is hot link?<\/strong><br \/>\nHot link allows you to create session independent link, so you can share your file with your friends and they can download your content without alfafile account. But in this case Alfafile will deduct used bandwidth from your account.<\/p>\n<p><strong>How do I make my file private?<\/strong><br \/>\nGo to My Files section and select file which you want to make &#8220;private&#8221;. Click right mouse button and select &#8220;File Access&#8221;-> &#8220;Private&#8221;<\/p>\n<p><strong>How do I make file public?<\/strong><br \/>\nGo to My Files section and select file which you want to make &#8220;public&#8221;. Click right mouse button and select &#8220;File Access&#8221;-> &#8220;PUBLIC&#8221;<\/p>\n<p><strong>When files are deleted?<\/strong><br \/>\nFor free users files are deleted after 30 days if they are not downloaded.<\/p>\n<p><strong>What is one time download?<\/strong><br \/>\nOne time download is good for content owners. It allows you to create a download link which can be used only once. Once file is downloaded, link will not be usable anymore. This way you can control distribution of your content.<br \/>\nWith one download link you can create a link just for one download by single person. Simply select file for which you want to create &#8220;one time download&#8221; link and click right mouse button. After it one time download link is created and you can share it with your colleague.<\/p>\n<p><strong>Can other users view my content?<\/strong><br \/>\nAlfafile never allow other users to search in Alfafile website, however if you share links to your files on internet, than search engines like google may able to index your content.<\/p>\n<p><strong>What is &#8220;Call back url&#8221; in &#8220;one time download link&#8221; window?<\/strong><br \/>\nThis option can be used for website owners in order to see if link been used for download. Once user click the link, our system will send response ( file id number) to callback url which you provide in your setting<\/p>\n<p><strong>I'm afraid to pay by credit card , are you sure it's safe?<\/strong><br \/>\nAll transactions are protected with SSL and transmitted to the bank via secure connection. Alfafile never store your card information on Alfafile servers.<\/p>\n<p><strong>Can I share premium-account with other people?<\/strong><br \/>\nAlfafile offers premium accounts only for personal use. In case Alfafile team discover that account is shared, Alfafile reserve the right to close such account without any refund.<\/p>\n<p><strong>How much does Premium-account cost?<\/strong><br \/>\nAlfafile have few premium subscription plans which you can use:<br \/>\nYou can see Alfafile actual pricing plans on Alfafile order page<br \/>\nLowest price starts from $14.99 USD.<\/p>\n<p><strong>How do I cancel subscription with monthly payments?<\/strong><br \/>\nYou can cancel your subscription simply by visiting user payment page and then you need to uncheck Subscription renewal box. Once it is done, please click button &#8220;Save changes&#8221;.<\/p>\n<p><strong>I purchased a Premium-account, but my account is not premium yet?<\/strong><br \/>\nPlease contact Alfafile customer support at Support page and provide first 6 digits of your credit card and last 4 digits.<br \/>\nAlso please include cardholder name.<\/p>\n<p><strong>What payment methods do you accept?<\/strong><br \/>\nAlfafile accept Credit cards, Bitcoin and local payment methods.<\/p>\n<p><strong>How can I earn money with affiliate program?<\/strong><br \/>\nAlfafile offer 50% rate from every sale made by your referral link or file.<\/p>\n<p><strong>Is there any API for developers?<\/strong><br \/>\nYes. By using Alfafile api, you can create various applications including download manages and automated tools for uploading or downloading content to our servers.<\/p>\n<p><strong>Which plans do you have?<\/strong><br \/>\nAt this moment Alfafile have only pay per sale plan (PPS).<\/p>\n<p><strong>Which payout methods do you support?<\/strong><br \/>\nWe offer payout via paypal, webmoney. epese, bitcoin.<\/p>\n<p>What is a referral program?<br \/>\nYou can earn by referring other affiliates. We offer 7% rate from referral earnings.<\/p>\n","protected":false},"excerpt":{"rendered":"<p>\u00c8 possibile cercare file? Alfafile non indicizza i contenuti caricati da altri utenti. Puoi cercare solo nei tuoi file. Posso usare alfafile gratuitamente? S\u00ec, ma la velocit\u00e0 di download sar\u00e0 limitata. Ho dimenticato la mia password, cosa posso fare? Devi &hellip;<\/p>\n<p class=\"read-more\"> <a class=\"more-link\" href=\"https:\/\/alfafiles.net\/it\/faq\/\"> <span class=\"screen-reader-text\">Domande Frequenti<\/span> Leggi tutto &raquo;<\/a><\/p>\n","protected":false},"author":1,"featured_media":0,"parent":0,"menu_order":15,"comment_status":"closed","ping_status":"closed","template":"full-width-page.php","meta":{"footnotes":""},"class_list":["post-60","page","type-page","status-publish","hentry"],"_links":{"self":[{"href":"https:\/\/alfafiles.net\/it\/wp-json\/wp\/v2\/pages\/60","targetHints":{"allow":["GET"]}}],"collection":[{"href":"https:\/\/alfafiles.net\/it\/wp-json\/wp\/v2\/pages"}],"about":[{"href":"https:\/\/alfafiles.net\/it\/wp-json\/wp\/v2\/types\/page"}],"author":[{"embeddable":true,"href":"https:\/\/alfafiles.net\/it\/wp-json\/wp\/v2\/users\/1"}],"replies":[{"embeddable":true,"href":"https:\/\/alfafiles.net\/it\/wp-json\/wp\/v2\/comments?post=60"}],"version-history":[{"count":6,"href":"https:\/\/alfafiles.net\/it\/wp-json\/wp\/v2\/pages\/60\/revisions"}],"predecessor-version":[{"id":159,"href":"https:\/\/alfafiles.net\/it\/wp-json\/wp\/v2\/pages\/60\/revisions\/159"}],"wp:attachment":[{"href":"https:\/\/alfafiles.net\/it\/wp-json\/wp\/v2\/media?parent=60"}],"curies":[{"name":"wp","href":"https:\/\/api.w.org\/{rel}","templated":true}]}}